{"id":2,"date":"2010-04-23T11:15:49","date_gmt":"2010-04-23T10:15:49","guid":{"rendered":"http:\/\/www.hast-ekonomikonsult.se\/ekonomi\/?page_id=2"},"modified":"2024-04-30T10:11:13","modified_gmt":"2024-04-30T09:11:13","slug":"om","status":"publish","type":"page","link":"http:\/\/www.hast-ekonomikonsult.se\/ekonomi\/","title":{"rendered":""},"content":{"rendered":"<p><!--<span><img decoding=\"async\" src=\"\/ekonomi\/wp-content\/uploads\/2010\/12\/logo_contrado.png\" width=\"150\"><\/span>--><\/p>\n<p>Contrado Mariefred AB ing\u00e5r i Contrado koncernen med huvudkontor i Sundsvall. Koncernens dotterbolag finns p\u00e5 flera orter i Sverige. L\u00e4s mer p\u00e5 v\u00e5r hemsida <a href=\"https:\/\/www.contrado.se\">contrado.se<\/a><br \/>\nF\u00f6retaget har sin verksamhet i Mariefred och i Eskilstuna.<br \/>\nContrado Mariefred bildades f\u00f6r mer \u00e4n 30 \u00e5r sedan, tidigare namn Hast Ekonomikonsult AB.\n<\/p>\n<p><img decoding=\"async\" src=\"\/ekonomi\/wp-content\/uploads\/2010\/12\/logo_hast.jpg\" width=\"150\"><\/p>\n<div style=\"height:100px;\"><\/div>\n<p>Contrado mariefred AB anv\u00e4nder Office Caddie som ett verktyg f\u00f6r en effektiv byr\u00e5drift.<\/p>\n<p><img decoding=\"async\" src=\"\/ekonomi\/wp-content\/uploads\/2010\/12\/logo_oc.jpg\" width=\"150\"> <\/p>\n<div style=\"height:25px;\"><\/div>\n<p>Office Caddie \u00e4r redovisning och revisionsbyr\u00e5ns verktyg som p\u00e5 ett enkelt sett ger \u00f6verblick \u00f6ver verksamheten och visar vilken status p\u00e5g\u00e5ende arbeten har. Office Caddie \u00e4r ocks\u00e5 ett verktyg f\u00f6r resursplanering.<br \/>L\u00e4s mer p\u00e5 <a href=\"www.officecaddie.se\">Office Caddie.se<\/a> <\/p>\n<p>Best\u00e4ll Contrados nyhetsblev :<a href=\"https:\/\/www.anpdm.com\/form\/414459407443425A437940\/464051407947425D4071\">H\u00e4r<\/a><br \/>Logga in p\u00e5 v\u00e5r kundportal: <a href=\"https:\/\/remote.hast-ekonomikonsult.se\/file\/\">H\u00e4r<\/a><\/p>\n","protected":false},"excerpt":{"rendered":"<p>Contrado Mariefred AB ing\u00e5r i Contrado koncernen med huvudkontor i Sundsvall. Koncernens dotterbolag finns p\u00e5 flera orter i Sverige. L\u00e4s mer p\u00e5 v\u00e5r hemsida contrado.se [&hellip;]<\/p>\n","protected":false},"author":1,"featured_media":289,"parent":0,"menu_order":1,"comment_status":"closed","ping_status":"closed","template":"","meta":{"footnotes":""},"_links":{"self":[{"href":"http:\/\/www.hast-ekonomikonsult.se\/ekonomi\/index.php?rest_route=\/wp\/v2\/pages\/2"}],"collection":[{"href":"http:\/\/www.hast-ekonomikonsult.se\/ekonomi\/index.php?rest_route=\/wp\/v2\/pages"}],"about":[{"href":"http:\/\/www.hast-ekonomikonsult.se\/ekonomi\/index.php?rest_route=\/wp\/v2\/types\/page"}],"author":[{"embeddable":true,"href":"http:\/\/www.hast-ekonomikonsult.se\/ekonomi\/index.php?rest_route=\/wp\/v2\/users\/1"}],"replies":[{"embeddable":true,"href":"http:\/\/www.hast-ekonomikonsult.se\/ekonomi\/index.php?rest_route=%2Fwp%2Fv2%2Fcomments&post=2"}],"version-history":[{"count":97,"href":"http:\/\/www.hast-ekonomikonsult.se\/ekonomi\/index.php?rest_route=\/wp\/v2\/pages\/2\/revisions"}],"predecessor-version":[{"id":1349,"href":"http:\/\/www.hast-ekonomikonsult.se\/ekonomi\/index.php?rest_route=\/wp\/v2\/pages\/2\/revisions\/1349"}],"wp:featuredmedia":[{"embeddable":true,"href":"http:\/\/www.hast-ekonomikonsult.se\/ekonomi\/index.php?rest_route=\/wp\/v2\/media\/289"}],"wp:attachment":[{"href":"http:\/\/www.hast-ekonomikonsult.se\/ekonomi\/index.php?rest_route=%2Fwp%2Fv2%2Fmedia&parent=2"}],"curies":[{"name":"wp","href":"https:\/\/api.w.org\/{rel}","templated":true}]}}